{"id":221,"date":"2022-10-12T19:02:00","date_gmt":"2022-10-12T23:02:00","guid":{"rendered":"https:\/\/louvia.ca\/accueil\/"},"modified":"2025-04-08T13:18:51","modified_gmt":"2025-04-08T17:18:51","slug":"accueil","status":"publish","type":"page","link":"https:\/\/louvia.ca\/en\/","title":{"rendered":"Home"},"content":{"rendered":"","protected":false},"excerpt":{"rendered":"","protected":false},"author":1,"featured_media":0,"parent":0,"menu_order":0,"comment_status":"closed","ping_status":"closed","template":"page-templates\/front-page.php","meta":{"_acf_changed":false,"inline_featured_image":false,"footnotes":""},"class_list":["post-221","page","type-page","status-publish","hentry"],"acf":[],"yoast_head":"<!-- This site is optimized with the Yoast SEO plugin v27.2 - https:\/\/yoast.com\/product\/yoast-seo-wordpress\/ -->\n<title>Uniformes et accessoires de travail fabriqu\u00e9s au Qu\u00e9bec - Louvia Uniformes<\/title>\n<meta name=\"description\" content=\"Louvia est une entreprise qu\u00e9b\u00e9coise sp\u00e9cialis\u00e9e dans la fabrication d\u2019uniformes et d\u2019accessoires de travail pour tous les corps de m\u00e9tier. Notre mission est d\u2019offrir des v\u00eatements modes avec du style tout en \u00e9tant s\u00e9curitaires et confortables.\" \/>\n<meta name=\"robots\" content=\"index, follow, max-snippet:-1, max-image-preview:large, max-video-preview:-1\" \/>\n<link rel=\"canonical\" href=\"https:\/\/louvia.ca\/en\/\" \/>\n<meta property=\"og:locale\" content=\"en_US\" \/>\n<meta property=\"og:type\" content=\"article\" \/>\n<meta property=\"og:title\" content=\"Uniformes et accessoires de travail fabriqu\u00e9s au Qu\u00e9bec - Louvia Uniformes\" \/>\n<meta property=\"og:description\" content=\"Louvia est une entreprise qu\u00e9b\u00e9coise sp\u00e9cialis\u00e9e dans la fabrication d\u2019uniformes et d\u2019accessoires de travail pour tous les corps de m\u00e9tier. Notre mission est d\u2019offrir des v\u00eatements modes avec du style tout en \u00e9tant s\u00e9curitaires et confortables.\" \/>\n<meta property=\"og:url\" content=\"https:\/\/louvia.ca\/en\/\" \/>\n<meta property=\"og:site_name\" content=\"Louvia\" \/>\n<meta property=\"article:modified_time\" content=\"2025-04-08T17:18:51+00:00\" \/>\n<meta property=\"og:image\" content=\"https:\/\/louvia.ca\/wp-content\/uploads\/2022\/12\/Louvia-OG.jpg\" \/>\n\t<meta property=\"og:image:width\" content=\"1200\" \/>\n\t<meta property=\"og:image:height\" content=\"630\" \/>\n\t<meta property=\"og:image:type\" content=\"image\/jpeg\" \/>\n<meta name=\"twitter:card\" content=\"summary_large_image\" \/>\n<script type=\"application\/ld+json\" class=\"yoast-schema-graph\">{\"@context\":\"https:\/\/schema.org\",\"@graph\":[{\"@type\":\"WebPage\",\"@id\":\"https:\/\/louvia.ca\/en\/\",\"url\":\"https:\/\/louvia.ca\/en\/\",\"name\":\"Uniformes et accessoires de travail fabriqu\u00e9s au Qu\u00e9bec - Louvia Uniformes\",\"isPartOf\":{\"@id\":\"https:\/\/louvia.ca\/en\/#website\"},\"datePublished\":\"2022-10-12T23:02:00+00:00\",\"dateModified\":\"2025-04-08T17:18:51+00:00\",\"description\":\"Louvia est une entreprise qu\u00e9b\u00e9coise sp\u00e9cialis\u00e9e dans la fabrication d\u2019uniformes et d\u2019accessoires de travail pour tous les corps de m\u00e9tier. Notre mission est d\u2019offrir des v\u00eatements modes avec du style tout en \u00e9tant s\u00e9curitaires et confortables.\",\"inLanguage\":\"en-US\",\"potentialAction\":[{\"@type\":\"ReadAction\",\"target\":[\"https:\/\/louvia.ca\/en\/\"]}]},{\"@type\":\"WebSite\",\"@id\":\"https:\/\/louvia.ca\/en\/#website\",\"url\":\"https:\/\/louvia.ca\/en\/\",\"name\":\"Louvia\",\"description\":\"\",\"potentialAction\":[{\"@type\":\"SearchAction\",\"target\":{\"@type\":\"EntryPoint\",\"urlTemplate\":\"https:\/\/louvia.ca\/en\/?s={search_term_string}\"},\"query-input\":{\"@type\":\"PropertyValueSpecification\",\"valueRequired\":true,\"valueName\":\"search_term_string\"}}],\"inLanguage\":\"en-US\"}]}<\/script>\n<!-- \/ Yoast SEO plugin. -->","yoast_head_json":{"title":"Uniformes et accessoires de travail fabriqu\u00e9s au Qu\u00e9bec - Louvia Uniformes","description":"Louvia est une entreprise qu\u00e9b\u00e9coise sp\u00e9cialis\u00e9e dans la fabrication d\u2019uniformes et d\u2019accessoires de travail pour tous les corps de m\u00e9tier. Notre mission est d\u2019offrir des v\u00eatements modes avec du style tout en \u00e9tant s\u00e9curitaires et confortables.","robots":{"index":"index","follow":"follow","max-snippet":"max-snippet:-1","max-image-preview":"max-image-preview:large","max-video-preview":"max-video-preview:-1"},"canonical":"https:\/\/louvia.ca\/en\/","og_locale":"en_US","og_type":"article","og_title":"Uniformes et accessoires de travail fabriqu\u00e9s au Qu\u00e9bec - Louvia Uniformes","og_description":"Louvia est une entreprise qu\u00e9b\u00e9coise sp\u00e9cialis\u00e9e dans la fabrication d\u2019uniformes et d\u2019accessoires de travail pour tous les corps de m\u00e9tier. Notre mission est d\u2019offrir des v\u00eatements modes avec du style tout en \u00e9tant s\u00e9curitaires et confortables.","og_url":"https:\/\/louvia.ca\/en\/","og_site_name":"Louvia","article_modified_time":"2025-04-08T17:18:51+00:00","og_image":[{"width":1200,"height":630,"url":"https:\/\/louvia.ca\/wp-content\/uploads\/2022\/12\/Louvia-OG.jpg","type":"image\/jpeg"}],"twitter_card":"summary_large_image","schema":{"@context":"https:\/\/schema.org","@graph":[{"@type":"WebPage","@id":"https:\/\/louvia.ca\/en\/","url":"https:\/\/louvia.ca\/en\/","name":"Uniformes et accessoires de travail fabriqu\u00e9s au Qu\u00e9bec - Louvia Uniformes","isPartOf":{"@id":"https:\/\/louvia.ca\/en\/#website"},"datePublished":"2022-10-12T23:02:00+00:00","dateModified":"2025-04-08T17:18:51+00:00","description":"Louvia est une entreprise qu\u00e9b\u00e9coise sp\u00e9cialis\u00e9e dans la fabrication d\u2019uniformes et d\u2019accessoires de travail pour tous les corps de m\u00e9tier. Notre mission est d\u2019offrir des v\u00eatements modes avec du style tout en \u00e9tant s\u00e9curitaires et confortables.","inLanguage":"en-US","potentialAction":[{"@type":"ReadAction","target":["https:\/\/louvia.ca\/en\/"]}]},{"@type":"WebSite","@id":"https:\/\/louvia.ca\/en\/#website","url":"https:\/\/louvia.ca\/en\/","name":"Louvia","description":"","potentialAction":[{"@type":"SearchAction","target":{"@type":"EntryPoint","urlTemplate":"https:\/\/louvia.ca\/en\/?s={search_term_string}"},"query-input":{"@type":"PropertyValueSpecification","valueRequired":true,"valueName":"search_term_string"}}],"inLanguage":"en-US"}]}},"_links":{"self":[{"href":"https:\/\/louvia.ca\/en\/wp-json\/wp\/v2\/pages\/221","targetHints":{"allow":["GET"]}}],"collection":[{"href":"https:\/\/louvia.ca\/en\/wp-json\/wp\/v2\/pages"}],"about":[{"href":"https:\/\/louvia.ca\/en\/wp-json\/wp\/v2\/types\/page"}],"author":[{"embeddable":true,"href":"https:\/\/louvia.ca\/en\/wp-json\/wp\/v2\/users\/1"}],"replies":[{"embeddable":true,"href":"https:\/\/louvia.ca\/en\/wp-json\/wp\/v2\/comments?post=221"}],"version-history":[{"count":18,"href":"https:\/\/louvia.ca\/en\/wp-json\/wp\/v2\/pages\/221\/revisions"}],"predecessor-version":[{"id":385,"href":"https:\/\/louvia.ca\/en\/wp-json\/wp\/v2\/pages\/221\/revisions\/385"}],"wp:attachment":[{"href":"https:\/\/louvia.ca\/en\/wp-json\/wp\/v2\/media?parent=221"}],"curies":[{"name":"wp","href":"https:\/\/api.w.org\/{rel}","templated":true}]}}